{"id":42236,"date":"2025-07-07T17:11:49","date_gmt":"2025-07-07T15:11:49","guid":{"rendered":"https:\/\/bodymindandsoulmallorca.com\/?post_type=product&#038;p=42236"},"modified":"2025-07-07T17:19:09","modified_gmt":"2025-07-07T15:19:09","slug":"vivobase-animal-10-rabatt-mit-code-bms10","status":"publish","type":"product","link":"https:\/\/staging.bodymindandsoulmallorca.com\/en\/product\/vivobase-animal-10-rabatt-mit-code-bms10\/","title":{"rendered":"VIVOBASE ANIMAL &#8211; 10% Rabatt mit Code: BMS10"},"content":{"rendered":"<div class=\"elementor-element elementor-element-0edaa87 elementor-widget elementor-widget-heading\" data-id=\"0edaa87\" data-element_type=\"widget\" data-widget_type=\"heading.default\">\n<div class=\"elementor-widget-container\">\n<div class=\"elementor-element elementor-element-26b0e60 product-headline-item elementor-widget elementor-widget-heading\" data-id=\"26b0e60\" data-element_type=\"widget\" data-widget_type=\"heading.default\">\n<div class=\"elementor-widget-container\">\n<div class=\"elementor-element elementor-element-26b0e60 product-headline-item elementor-widget elementor-widget-heading\" data-id=\"26b0e60\" data-element_type=\"widget\" data-widget_type=\"heading.default\">\n<div class=\"elementor-widget-container\">\n<h5 class=\"elementor-heading-title elementor-size-default\"><a href=\"https:\/\/vivobase.de\/produkt\/vivobase-animal\/\" target=\"_blank\" rel=\"noopener\">F\u00dcR NUTZTIERE<\/a><\/h5>\n<\/div>\n<\/div>\n<div class=\"elementor-element elementor-element-96755f9 product-sub-headline elementor-widget elementor-widget-text-editor\" data-id=\"96755f9\" data-element_type=\"widget\" data-widget_type=\"text-editor.default\">\n<div class=\"elementor-widget-container\">F\u00fcr deine Nutztiere im Au\u00dfenbereich<\/div>\n<\/div>\n<div class=\"elementor-element elementor-element-67365b2 product-liste-funktionen elementor-widget elementor-widget-text-editor\" data-id=\"67365b2\" data-element_type=\"widget\" data-widget_type=\"text-editor.default\">\n<div class=\"elementor-widget-container\">\n<ul class=\"shop-vorteil-items\">\n<li class=\"shop-vorteil-item\">Anwendung in Pferde- und Nutztierst\u00e4llen<\/li>\n<li class=\"shop-vorteil-item\">durch W\u00e4nde und Decken hindurch<\/li>\n<li class=\"shop-vorteil-item\">Spritzwassergesch\u00fctzte Aufputzmontage<\/li>\n<li class=\"shop-vorteil-item\">Gr\u00f6\u00dfe ca. 120\u00d789 mm, Gewicht 300 g<\/li>\n<\/ul>\n<\/div>\n<\/div>\n<\/div>\n<\/div>\n<\/div>\n<\/div>\n<div class=\"elementor-element elementor-element-649eae3 elementor-widget elementor-widget-shortcode\" data-id=\"649eae3\" data-element_type=\"widget\" data-widget_type=\"shortcode.default\">\n<div class=\"elementor-widget-container\">\n<div class=\"elementor-shortcode\">\n<p>Sichere dir: 10% Rabatt mit Code: BMS10<\/p>\n<\/div>\n<\/div>\n<\/div>","protected":false},"excerpt":{"rendered":"<div class=\"elementor-element elementor-element-26b0e60 product-headline-item elementor-widget elementor-widget-heading\" data-id=\"26b0e60\" data-element_type=\"widget\" data-widget_type=\"heading.default\">\n<div class=\"elementor-widget-container\">\n<div class=\"elementor-element elementor-element-0edaa87 elementor-widget elementor-widget-heading\" data-id=\"0edaa87\" data-element_type=\"widget\" data-widget_type=\"heading.default\">\n<div class=\"elementor-widget-container\">\n<h5 class=\"elementor-heading-title elementor-size-default\">VIVOBASE ANIMAL<\/h5>\n<\/div>\n<\/div>\n<div class=\"elementor-element elementor-element-d3c6a38 elementor-widget elementor-widget-heading\" data-id=\"d3c6a38\" data-element_type=\"widget\" data-widget_type=\"heading.default\">\n<div class=\"elementor-widget-container\">\n<h4 class=\"elementor-heading-title elementor-size-default\">F\u00fcr deine Nutztiere im Au\u00dfenbereich<\/h4>\n<\/div>\n<\/div>\n<div class=\"elementor-element elementor-element-649eae3 elementor-widget elementor-widget-shortcode\" data-id=\"649eae3\" data-element_type=\"widget\" data-widget_type=\"shortcode.default\">\n<div class=\"elementor-widget-container\">\n<div class=\"elementor-shortcode\">\n<ul class=\"shop-vorteil-items\">\n<li class=\"shop-vorteil-item\">Anwendung in Pferde- und Nutztierst\u00e4llen<\/li>\n<li class=\"shop-vorteil-item\">durch W\u00e4nde und Decken hindurch<\/li>\n<li class=\"shop-vorteil-item\">Spritzwassergesch\u00fctzte Aufputzmontage<\/li>\n<li class=\"shop-vorteil-item\">Gr\u00f6\u00dfe ca. 120&#215;89 mm, Gewicht 300 g<\/li>\n<\/ul>\n<\/div>\n<\/div>\n<\/div>\n<\/div>\n<\/div>\n<div><\/div>\n<div><\/div>","protected":false},"featured_media":42233,"comment_status":"closed","ping_status":"closed","template":"","meta":{"_acf_changed":false},"product_brand":[],"product_cat":[187],"product_tag":[],"class_list":{"0":"post-42236","1":"product","2":"type-product","3":"status-publish","4":"has-post-thumbnail","6":"product_cat-vivobase","7":"description-off","9":"first","10":"instock","11":"taxable","12":"shipping-taxable","13":"product-type-external"},"acf":[],"_links":{"self":[{"href":"https:\/\/staging.bodymindandsoulmallorca.com\/en\/wp-json\/wp\/v2\/product\/42236","targetHints":{"allow":["GET"]}}],"collection":[{"href":"https:\/\/staging.bodymindandsoulmallorca.com\/en\/wp-json\/wp\/v2\/product"}],"about":[{"href":"https:\/\/staging.bodymindandsoulmallorca.com\/en\/wp-json\/wp\/v2\/types\/product"}],"replies":[{"embeddable":true,"href":"https:\/\/staging.bodymindandsoulmallorca.com\/en\/wp-json\/wp\/v2\/comments?post=42236"}],"version-history":[{"count":0,"href":"https:\/\/staging.bodymindandsoulmallorca.com\/en\/wp-json\/wp\/v2\/product\/42236\/revisions"}],"wp:featuredmedia":[{"embeddable":true,"href":"https:\/\/staging.bodymindandsoulmallorca.com\/en\/wp-json\/wp\/v2\/media\/42233"}],"wp:attachment":[{"href":"https:\/\/staging.bodymindandsoulmallorca.com\/en\/wp-json\/wp\/v2\/media?parent=42236"}],"wp:term":[{"taxonomy":"product_brand","embeddable":true,"href":"https:\/\/staging.bodymindandsoulmallorca.com\/en\/wp-json\/wp\/v2\/product_brand?post=42236"},{"taxonomy":"product_cat","embeddable":true,"href":"https:\/\/staging.bodymindandsoulmallorca.com\/en\/wp-json\/wp\/v2\/product_cat?post=42236"},{"taxonomy":"product_tag","embeddable":true,"href":"https:\/\/staging.bodymindandsoulmallorca.com\/en\/wp-json\/wp\/v2\/product_tag?post=42236"}],"curies":[{"name":"wp","href":"https:\/\/api.w.org\/{rel}","templated":true}]}}