{"id":42069,"date":"2025-07-04T00:09:23","date_gmt":"2025-07-03T22:09:23","guid":{"rendered":"https:\/\/www.qvantumevents.com\/?post_type=product&#038;p=42069"},"modified":"2025-07-10T14:23:20","modified_gmt":"2025-07-10T12:23:20","slug":"lebervitalis","status":"publish","type":"product","link":"https:\/\/staging.bodymindandsoulmallorca.com\/en\/product\/lebervitalis\/","title":{"rendered":"LeberVitalis Wochenkur: Rabatt-Code: BMS4LFY"},"content":{"rendered":"<h3>Sichere dir deinen Rabatt mit: BMS4LFY<\/h3>\n<p>LeberVitalis &#8211; Die nat\u00fcrliche Unterst\u00fctzung!<\/p>\n<p>Entdecken Sie die kraftvolle Kombination von wertvollen Inhaltsstoffen in LeberVitalis, die gezielt auf die Unterst\u00fctzung und F\u00f6rderung der Leberfunktion abzielt. Unser Produkt enth\u00e4lt ein ausgewogenes Extrakt aus Artischoke, Phyllanthus amarus, Reishi-Pilz, Ginseng und Curcuma.<\/p>\n<p>Die Leber ist ein essentielles Organ, das f\u00fcr den Stoffwechsel, die Entgiftung und die Verdauung von N\u00e4hrstoffen verantwortlich ist.<\/p>\n<p>Die Vorteile von LeberVitalis im \u00dcberblick:<\/p>\n<ol>\n<li>Vitalit\u00e4t und Schutz: Die Kombination aus Artischoke, Phyllanthus amarus und Reishi-Pilz unterst\u00fctzt die Leberentgiftung, indem sie dabei hilft, sch\u00e4dliche Toxine und Stoffwechselprodukte aus dem K\u00f6rper zu entfernen. Dies tr\u00e4gt dazu bei ihre nat\u00fcrliche Reinigungsfunktion zu unterst\u00fctzen.<\/li>\n<li>Leberregeneration und Zellschutz: Ginseng und Curcuma, zwei kraftvolle Antioxidantien, tragen zur Regeneration der Leberzellen bei und helfen dabei, sie vor oxidativem Stress und Sch\u00e4den durch freie Radikale zu sch\u00fctzen. Dies f\u00f6rdert die langfristige Funktionalit\u00e4t Ihrer Leber.<\/li>\n<li>Optimale Leberfunktion: Durch die synergistische Wirkung der Inhaltsstoffe in LeberVitalis wird die Leberfunktion gef\u00f6rdert. Dies umfasst die Unterst\u00fctzung des Gallenflusses, die F\u00f6rderung einer effizienten Verdauung und die Aufrechterhaltung eines gesunden Stoffwechsels.<\/li>\n<\/ol>\n<p>LeberVitalis wird unter strengen Qualit\u00e4tsstandards hergestellt und ist ein sicheres und zuverl\u00e4ssiges Produkt zur Unterst\u00fctzung Ihrer Leber.<\/p>","protected":false},"excerpt":{"rendered":"<h3>Sichere dir deinen Rabatt mit: BMS4LFY<\/h3>\n<p>LeberVitalis &#8211; Die nat\u00fcrliche Unterst\u00fctzung!<\/p>\n<p>Entdecken Sie die kraftvolle Kombination von wertvollen Inhaltsstoffen in LeberVitalis, die gezielt auf die Unterst\u00fctzung und F\u00f6rderung der Leberfunktion abzielt. Unser Produkt enth\u00e4lt ein ausgewogenes Extrakt aus Artischoke, Phyllanthus amarus, Reishi-Pilz, Ginseng und Curcuma.<\/p>\n<p>Die Leber ist ein essentielles Organ, das f\u00fcr den Stoffwechsel, die Entgiftung und die Verdauung von N\u00e4hrstoffen verantwortlich ist.<\/p>\n<p>Die Vorteile von LeberVitalis im \u00dcberblick:<\/p>\n<ol>\n<li>Vitalit\u00e4t und Schutz: Die Kombination aus Artischoke, Phyllanthus amarus und Reishi-Pilz unterst\u00fctzt die Leberentgiftung, indem sie dabei hilft, sch\u00e4dliche Toxine und Stoffwechselprodukte aus dem K\u00f6rper zu entfernen. Dies tr\u00e4gt dazu bei ihre nat\u00fcrliche Reinigungsfunktion zu unterst\u00fctzen.<\/li>\n<li>Leberregeneration und Zellschutz: Ginseng und Curcuma, zwei kraftvolle Antioxidantien, tragen zur Regeneration der Leberzellen bei und helfen dabei, sie vor oxidativem Stress und Sch\u00e4den durch freie Radikale zu sch\u00fctzen. Dies f\u00f6rdert die langfristige Funktionalit\u00e4t Ihrer Leber.<\/li>\n<li>Optimale Leberfunktion: Durch die synergistische Wirkung der Inhaltsstoffe in LeberVitalis wird die Leberfunktion gef\u00f6rdert. Dies umfasst die Unterst\u00fctzung des Gallenflusses, die F\u00f6rderung einer effizienten Verdauung und die Aufrechterhaltung eines gesunden Stoffwechsels.<\/li>\n<\/ol>\n<p>LeberVitalis wird unter strengen Qualit\u00e4tsstandards hergestellt und ist ein sicheres und zuverl\u00e4ssiges Produkt zur Unterst\u00fctzung Ihrer Leber.<\/p>","protected":false},"featured_media":42283,"comment_status":"closed","ping_status":"closed","template":"","meta":{"_acf_changed":false},"product_brand":[],"product_cat":[185],"product_tag":[],"class_list":{"0":"post-42069","1":"product","2":"type-product","3":"status-publish","4":"has-post-thumbnail","6":"product_cat-liveforeveryoung","7":"description-off","9":"first","10":"instock","11":"taxable","12":"shipping-taxable","13":"product-type-external"},"acf":[],"_links":{"self":[{"href":"https:\/\/staging.bodymindandsoulmallorca.com\/en\/wp-json\/wp\/v2\/product\/42069","targetHints":{"allow":["GET"]}}],"collection":[{"href":"https:\/\/staging.bodymindandsoulmallorca.com\/en\/wp-json\/wp\/v2\/product"}],"about":[{"href":"https:\/\/staging.bodymindandsoulmallorca.com\/en\/wp-json\/wp\/v2\/types\/product"}],"replies":[{"embeddable":true,"href":"https:\/\/staging.bodymindandsoulmallorca.com\/en\/wp-json\/wp\/v2\/comments?post=42069"}],"version-history":[{"count":1,"href":"https:\/\/staging.bodymindandsoulmallorca.com\/en\/wp-json\/wp\/v2\/product\/42069\/revisions"}],"predecessor-version":[{"id":42282,"href":"https:\/\/staging.bodymindandsoulmallorca.com\/en\/wp-json\/wp\/v2\/product\/42069\/revisions\/42282"}],"wp:featuredmedia":[{"embeddable":true,"href":"https:\/\/staging.bodymindandsoulmallorca.com\/en\/wp-json\/wp\/v2\/media\/42283"}],"wp:attachment":[{"href":"https:\/\/staging.bodymindandsoulmallorca.com\/en\/wp-json\/wp\/v2\/media?parent=42069"}],"wp:term":[{"taxonomy":"product_brand","embeddable":true,"href":"https:\/\/staging.bodymindandsoulmallorca.com\/en\/wp-json\/wp\/v2\/product_brand?post=42069"},{"taxonomy":"product_cat","embeddable":true,"href":"https:\/\/staging.bodymindandsoulmallorca.com\/en\/wp-json\/wp\/v2\/product_cat?post=42069"},{"taxonomy":"product_tag","embeddable":true,"href":"https:\/\/staging.bodymindandsoulmallorca.com\/en\/wp-json\/wp\/v2\/product_tag?post=42069"}],"curies":[{"name":"wp","href":"https:\/\/api.w.org\/{rel}","templated":true}]}}