{"id":42067,"date":"2025-07-04T00:07:14","date_gmt":"2025-07-03T22:07:14","guid":{"rendered":"https:\/\/www.qvantumevents.com\/?post_type=product&#038;p=42067"},"modified":"2025-07-10T14:22:47","modified_gmt":"2025-07-10T12:22:47","slug":"fermentierter-knoblauch","status":"publish","type":"product","link":"https:\/\/staging.bodymindandsoulmallorca.com\/en\/product\/fermentierter-knoblauch\/","title":{"rendered":"Fermentierter Knoblauch Rabatt-Code:  BMS4LFY"},"content":{"rendered":"<h3>Sichere dir deinen Rabatt mit dem Code: BMS4LFY<\/h3>\n<p>Unsere fermentierter Knoblauch wird durch ein traditionelles Verfahren der inneren Fermentation hergestellt, das in Asien seit langem gesch\u00e4tzt wird. Dieses innovative Produkt vereint intensiven Geschmack und die einzigartigen Vorteile der Fermentation.<\/p>\n<p>Durch die Fermentation werden bioaktive Wirkstoffe gebildet, die sich positiv auf Ihre Vitalit\u00e4t und Ihr Wohlbefinden auswirken k\u00f6nnen. Der fermentierte Knoblauch schmeckt s\u00fc\u00dflich und voll aromatisch, ohne einen Mundgeruch zu hinterlassen, w\u00e4hrend sie gleichzeitig eine antivitale und antibakterielle Wirkung auf Ihren K\u00f6rper hat.<\/p>\n<p>Wir legen gro\u00dfen Wert auf Qualit\u00e4t und Nachhaltigkeit. Unsere Knoblauchknollen stammen aus nat\u00fcrlichem Anbau und werden sorgf\u00e4ltig ausgew\u00e4hlt und schonend fermentiert, um die besten Aromen und gesundheitlichen Vorteile zu bewahren.<\/p>\n<p>Lasst euch nicht von der Farbe irritieren. Wir fermentieren diesen 3-4 Monate, somit bekommt er eine braune bis schwarze Farbe, ist aber in dem Fall sogar ein Qualit\u00e4tsmerkmal. Sp\u00e4testens beim reinbei\u00dfen, wirst du merken, welche Qualit\u00e4t unser Produkt auszeichnet.<\/p>\n<p>Entdecke den einzigartigen Geschmack und die Vorteile f\u00fcr dein Wohlbefinden unseres fermentierten Knoblauchs. Er bereichert jede K\u00fcche, l\u00e4sst sich kreativ einsetzen, ganz egal f\u00fcr das Garnieren von Suppen, oder auch f\u00fcr den sommerlichen Salat. \u00dcberzeuge dich selbst von der Qualit\u00e4t und genie\u00dfe den unvergleichlichen Geschmack unseres fermentierten Knoblauchs!<\/p>","protected":false},"excerpt":{"rendered":"<p>Sichere dir deinen Rabatt mit dem Code: BMS4LFY Unsere fermentierter Knoblauch wird durch ein traditionelles Verfahren der inneren Fermentation hergestellt, das in Asien seit langem gesch\u00e4tzt wird. Dieses innovative Produkt vereint intensiven Geschmack und die einzigartigen Vorteile der Fermentation. Durch die Fermentation werden bioaktive Wirkstoffe gebildet, die sich positiv auf Ihre Vitalit\u00e4t und Ihr Wohlbefinden&hellip;<\/p>","protected":false},"featured_media":42281,"comment_status":"closed","ping_status":"closed","template":"","meta":{"_acf_changed":false},"product_brand":[],"product_cat":[185],"product_tag":[],"class_list":{"0":"post-42067","1":"product","2":"type-product","3":"status-publish","4":"has-post-thumbnail","6":"product_cat-liveforeveryoung","7":"description-off","9":"first","10":"instock","11":"taxable","12":"shipping-taxable","13":"product-type-external"},"acf":[],"_links":{"self":[{"href":"https:\/\/staging.bodymindandsoulmallorca.com\/en\/wp-json\/wp\/v2\/product\/42067","targetHints":{"allow":["GET"]}}],"collection":[{"href":"https:\/\/staging.bodymindandsoulmallorca.com\/en\/wp-json\/wp\/v2\/product"}],"about":[{"href":"https:\/\/staging.bodymindandsoulmallorca.com\/en\/wp-json\/wp\/v2\/types\/product"}],"replies":[{"embeddable":true,"href":"https:\/\/staging.bodymindandsoulmallorca.com\/en\/wp-json\/wp\/v2\/comments?post=42067"}],"version-history":[{"count":1,"href":"https:\/\/staging.bodymindandsoulmallorca.com\/en\/wp-json\/wp\/v2\/product\/42067\/revisions"}],"predecessor-version":[{"id":42280,"href":"https:\/\/staging.bodymindandsoulmallorca.com\/en\/wp-json\/wp\/v2\/product\/42067\/revisions\/42280"}],"wp:featuredmedia":[{"embeddable":true,"href":"https:\/\/staging.bodymindandsoulmallorca.com\/en\/wp-json\/wp\/v2\/media\/42281"}],"wp:attachment":[{"href":"https:\/\/staging.bodymindandsoulmallorca.com\/en\/wp-json\/wp\/v2\/media?parent=42067"}],"wp:term":[{"taxonomy":"product_brand","embeddable":true,"href":"https:\/\/staging.bodymindandsoulmallorca.com\/en\/wp-json\/wp\/v2\/product_brand?post=42067"},{"taxonomy":"product_cat","embeddable":true,"href":"https:\/\/staging.bodymindandsoulmallorca.com\/en\/wp-json\/wp\/v2\/product_cat?post=42067"},{"taxonomy":"product_tag","embeddable":true,"href":"https:\/\/staging.bodymindandsoulmallorca.com\/en\/wp-json\/wp\/v2\/product_tag?post=42067"}],"curies":[{"name":"wp","href":"https:\/\/api.w.org\/{rel}","templated":true}]}}