{"id":42023,"date":"2025-07-02T20:02:12","date_gmt":"2025-07-02T18:02:12","guid":{"rendered":"https:\/\/www.qvantumevents.com\/?post_type=product&#038;p=42023"},"modified":"2025-07-10T14:24:14","modified_gmt":"2025-07-10T12:24:14","slug":"fermentierter-kurkuma","status":"publish","type":"product","link":"https:\/\/staging.bodymindandsoulmallorca.com\/en\/product\/fermentierter-kurkuma\/","title":{"rendered":"Fermentierter Kurkuma Rabatt-Code:  BMS4LFY"},"content":{"rendered":"<h3>Sichere dir deinen Rabatt mit dem Code: BMS4LFY<\/h3>\n<p>Unsere fermentierte Kurkuma wird durch ein traditionelles Verfahren der inneren Fermentation hergestellt, das in Asien seit langem gesch\u00e4tzt wird. Dieses innovative Produkt vereint intensiven Geschmack und die einzigartigen Vorteile der Fermentation.<\/p>\n<p>Durch die Fermentation werden bioaktive Wirkstoffe gebildet, die sich positiv auf Ihre Vitalit\u00e4t und Ihr Wohlbefinden auswirken k\u00f6nnen. Die fermentierte Kurkuma schmeckt w\u00fcrzig herb und ist gleichzeitig s\u00fc\u00df, w\u00e4hrend sie gleichzeitig eine w\u00e4rmende und wundheilende Wirkung auf Ihren K\u00f6rper hat.<\/p>\n<p>Wir legen gro\u00dfen Wert auf Qualit\u00e4t und Nachhaltigkeit. Unsere Kurkumawurzeln stammen aus nat\u00fcrlichem Anbau und werden sorgf\u00e4ltig ausgew\u00e4hlt und schonend fermentiert, um die besten Aromen und gesundheitlichen Vorteile zu bewahren.<\/p>\n<p>Lasst euch nicht von der Farbe irritieren. Wir fermentieren diese 3-4 Monate, somit bekommt sie eine braune bis schwarze, ist aber in dem Fall sogar ein Qualit\u00e4tsmerkmal. Sp\u00e4testens beim reinbei\u00dfen, wirst du merken, welche Qualit\u00e4t unser Produkt auszeichnet.<\/p>\n<p>Entdecke den einzigartigen Geschmack und die Vorteile f\u00fcr dein Wohlbefinden unserer fermentierten Kurkuma. Sie bereichert jede K\u00fcche, l\u00e4sst sich kreativ einsetzen, ganz egal f\u00fcrs Porridge oder f\u00fcr den sommerlichen Salat. \u00dcberzeuge dich selbst von der Qualit\u00e4t und genie\u00dfe den unvergleichlichen Geschmack unserer fermentierten Kurkuma!<\/p>","protected":false},"excerpt":{"rendered":"<h3>Sichere dir deinen Rabatt mit dem Code: BMS4LFY<\/h3>\n<p>Unsere fermentierte Kurkuma wird durch ein traditionelles Verfahren der inneren Fermentation hergestellt, das in Asien seit langem gesch\u00e4tzt wird. Dieses innovative Produkt vereint intensiven Geschmack und die einzigartigen Vorteile der Fermentation.<\/p>\n<p>Durch die Fermentation werden bioaktive Wirkstoffe gebildet, die sich positiv auf Ihre Vitalit\u00e4t und Ihr Wohlbefinden auswirken k\u00f6nnen. Die fermentierte Kurkuma schmeckt w\u00fcrzig herb und ist gleichzeitig s\u00fc\u00df, w\u00e4hrend sie gleichzeitig eine w\u00e4rmende und wundheilende Wirkung auf Ihren K\u00f6rper hat.<\/p>\n<p>Wir legen gro\u00dfen Wert auf Qualit\u00e4t und Nachhaltigkeit. Unsere Kurkumawurzeln stammen aus nat\u00fcrlichem Anbau und werden sorgf\u00e4ltig ausgew\u00e4hlt und schonend fermentiert, um die besten Aromen und gesundheitlichen Vorteile zu bewahren.<\/p>\n<p>Lasst euch nicht von der Farbe irritieren. Wir fermentieren diese 3-4 Monate, somit bekommt sie eine braune bis schwarze, ist aber in dem Fall sogar ein Qualit\u00e4tsmerkmal. Sp\u00e4testens beim reinbei\u00dfen, wirst du merken, welche Qualit\u00e4t unser Produkt auszeichnet.<\/p>\n<p>Entdecke den einzigartigen Geschmack und die Vorteile f\u00fcr dein Wohlbefinden unserer fermentierten Kurkuma. Sie bereichert jede K\u00fcche, l\u00e4sst sich kreativ einsetzen, ganz egal f\u00fcrs Porridge oder f\u00fcr den sommerlichen Salat. \u00dcberzeuge dich selbst von der Qualit\u00e4t und genie\u00dfe den unvergleichlichen Geschmack unserer fermentierten Kurkuma!<\/p>","protected":false},"featured_media":42068,"comment_status":"closed","ping_status":"closed","template":"","meta":{"_acf_changed":false},"product_brand":[],"product_cat":[185],"product_tag":[],"class_list":{"0":"post-42023","1":"product","2":"type-product","3":"status-publish","4":"has-post-thumbnail","6":"product_cat-liveforeveryoung","7":"description-off","9":"first","10":"instock","11":"taxable","12":"shipping-taxable","13":"product-type-external"},"acf":[],"_links":{"self":[{"href":"https:\/\/staging.bodymindandsoulmallorca.com\/en\/wp-json\/wp\/v2\/product\/42023","targetHints":{"allow":["GET"]}}],"collection":[{"href":"https:\/\/staging.bodymindandsoulmallorca.com\/en\/wp-json\/wp\/v2\/product"}],"about":[{"href":"https:\/\/staging.bodymindandsoulmallorca.com\/en\/wp-json\/wp\/v2\/types\/product"}],"replies":[{"embeddable":true,"href":"https:\/\/staging.bodymindandsoulmallorca.com\/en\/wp-json\/wp\/v2\/comments?post=42023"}],"version-history":[{"count":1,"href":"https:\/\/staging.bodymindandsoulmallorca.com\/en\/wp-json\/wp\/v2\/product\/42023\/revisions"}],"predecessor-version":[{"id":42279,"href":"https:\/\/staging.bodymindandsoulmallorca.com\/en\/wp-json\/wp\/v2\/product\/42023\/revisions\/42279"}],"wp:featuredmedia":[{"embeddable":true,"href":"https:\/\/staging.bodymindandsoulmallorca.com\/en\/wp-json\/wp\/v2\/media\/42068"}],"wp:attachment":[{"href":"https:\/\/staging.bodymindandsoulmallorca.com\/en\/wp-json\/wp\/v2\/media?parent=42023"}],"wp:term":[{"taxonomy":"product_brand","embeddable":true,"href":"https:\/\/staging.bodymindandsoulmallorca.com\/en\/wp-json\/wp\/v2\/product_brand?post=42023"},{"taxonomy":"product_cat","embeddable":true,"href":"https:\/\/staging.bodymindandsoulmallorca.com\/en\/wp-json\/wp\/v2\/product_cat?post=42023"},{"taxonomy":"product_tag","embeddable":true,"href":"https:\/\/staging.bodymindandsoulmallorca.com\/en\/wp-json\/wp\/v2\/product_tag?post=42023"}],"curies":[{"name":"wp","href":"https:\/\/api.w.org\/{rel}","templated":true}]}}