{"id":44966,"date":"2025-11-24T08:20:28","date_gmt":"2025-11-24T07:20:28","guid":{"rendered":"https:\/\/staging.bodymindandsoulmallorca.com\/?page_id=44966"},"modified":"2025-11-24T08:32:46","modified_gmt":"2025-11-24T07:32:46","slug":"qvantum-health","status":"publish","type":"page","link":"https:\/\/staging.bodymindandsoulmallorca.com\/en\/qvantum-health\/","title":{"rendered":"Qvantum Health"},"content":{"rendered":"<div data-elementor-type=\"wp-page\" data-elementor-id=\"44966\" class=\"elementor elementor-44966\" data-elementor-post-type=\"page\">\n\t\t\t\t<div class=\"elementor-element elementor-element-84b702a e-flex e-con-boxed e-con e-parent\" data-id=\"84b702a\" data-element_type=\"container\">\n\t\t\t\t\t<div class=\"e-con-inner\">\n\t\t<div class=\"elementor-element elementor-element-3c2cf52 e-con-full e-flex e-con e-child\" data-id=\"3c2cf52\" data-element_type=\"container\" data-settings=\"{&quot;background_background&quot;:&quot;classic&quot;}\">\n\t\t\t\t<\/div>\n\t\t<div class=\"elementor-element elementor-element-b8a4120 e-con-full e-flex e-con e-child\" data-id=\"b8a4120\" data-element_type=\"container\">\n\t\t\t\t<div class=\"elementor-element elementor-element-6eb7dbd elementor-widget elementor-widget-heading\" data-id=\"6eb7dbd\" data-element_type=\"widget\" data-widget_type=\"heading.default\">\n\t\t\t\t<div class=\"elementor-widget-container\">\n\t\t\t\t\t<h1 class=\"elementor-heading-title elementor-size-default\">Qvantum Health<\/h1>\t\t\t\t<\/div>\n\t\t\t\t<\/div>\n\t\t\t\t<div class=\"elementor-element elementor-element-68dc2f7 elementor-widget elementor-widget-heading\" data-id=\"68dc2f7\" data-element_type=\"widget\" data-widget_type=\"heading.default\">\n\t\t\t\t<div class=\"elementor-widget-container\">\n\t\t\t\t\t<h2 class=\"elementor-heading-title elementor-size-default\">Eine Einladung<\/h2>\t\t\t\t<\/div>\n\t\t\t\t<\/div>\n\t\t\t\t<div class=\"elementor-element elementor-element-64e6e0c elementor-widget elementor-widget-text-editor\" data-id=\"64e6e0c\" data-element_type=\"widget\" data-widget_type=\"text-editor.default\">\n\t\t\t\t<div class=\"elementor-widget-container\">\n\t\t\t\t\t\t\t\t\t<p data-start=\"168\" data-end=\"475\">Stell dir vor, du f\u00fchlst dich jeden Tag voller Vitalit\u00e4t, Klarheit und St\u00e4rke \u2013 egal, wie viele Jahre vergangen sind. Bei <strong>Qvantum Health\u00ae<\/strong> ist genau das unser Ziel: Wissenschaftlich fundierte Produkte, entwickelt mit h\u00f6chster Pr\u00e4zision, um dir zu einem l\u00e4ngeren, ges\u00fcnderen und erf\u00fcllteren Leben zu verhelfen.<\/p><p data-start=\"477\" data-end=\"703\">Lass dich von [Firmenname] begleiten auf deiner Reise zu mehr Energie, mentaler Sch\u00e4rfe und einem Herzen, das voller Kraft schl\u00e4gt. Es ist Zeit, dein Potenzial zu entfalten und jeden Moment deines Lebens bewusst zu genie\u00dfen.<\/p>\t\t\t\t\t\t\t\t<\/div>\n\t\t\t\t<\/div>\n\t\t\t\t<div class=\"elementor-element elementor-element-bd63ec2 elementor-widget elementor-widget-image\" data-id=\"bd63ec2\" data-element_type=\"widget\" data-widget_type=\"image.default\">\n\t\t\t\t<div class=\"elementor-widget-container\">\n\t\t\t\t\t\t\t\t\t\t\t\t\t\t\t\t<a href=\"https:\/\/www.qvantumhealth.com\/de\/\" target=\"_blank\" rel=\"noopener\">\n\t\t\t\t\t\t\t<img fetchpriority=\"high\" decoding=\"async\" width=\"540\" height=\"492\" src=\"https:\/\/staging.bodymindandsoulmallorca.com\/wp-content\/uploads\/2025\/06\/qvantum-health.png\" class=\"attachment-large size-large wp-image-40564\" alt=\"\" srcset=\"https:\/\/staging.bodymindandsoulmallorca.com\/wp-content\/uploads\/2025\/06\/qvantum-health.png 540w, https:\/\/staging.bodymindandsoulmallorca.com\/wp-content\/uploads\/2025\/06\/qvantum-health-300x273.png 300w\" sizes=\"(max-width: 540px) 100vw, 540px\" \/>\t\t\t\t\t\t\t\t<\/a>\n\t\t\t\t\t\t\t\t\t\t\t\t\t\t\t<\/div>\n\t\t\t\t<\/div>\n\t\t\t\t<\/div>\n\t\t\t\t\t<\/div>\n\t\t\t\t<\/div>\n\t\t<div class=\"elementor-element elementor-element-b5f3959 animated-slow e-flex e-con-boxed elementor-invisible e-con e-parent\" data-id=\"b5f3959\" data-element_type=\"container\" data-settings=\"{&quot;animation&quot;:&quot;fadeInUp&quot;,&quot;animation_delay&quot;:2500}\">\n\t\t\t\t\t<div class=\"e-con-inner\">\n\t\t\t\t<div class=\"elementor-element elementor-element-f2e726e elementor-cta--layout-image-above elementor-cta--skin-classic elementor-animated-content elementor-bg-transform elementor-bg-transform-zoom-in elementor-widget elementor-widget-call-to-action\" data-id=\"f2e726e\" data-element_type=\"widget\" data-widget_type=\"call-to-action.default\">\n\t\t\t\t<div class=\"elementor-widget-container\">\n\t\t\t\t\t\t\t<div class=\"elementor-cta\">\n\t\t\t\t\t<div class=\"elementor-cta__bg-wrapper\">\n\t\t\t\t<div class=\"elementor-cta__bg elementor-bg\" style=\"background-image: url(https:\/\/staging.bodymindandsoulmallorca.com\/wp-content\/uploads\/2025\/11\/hero.jpg);\" role=\"img\" aria-label=\"hero.jpg\"><\/div>\n\t\t\t\t<div class=\"elementor-cta__bg-overlay\"><\/div>\n\t\t\t<\/div>\n\t\t\t\t\t\t\t<div class=\"elementor-cta__content\">\n\t\t\t\t\n\t\t\t\t\t\t\t\t\t<h2 class=\"elementor-cta__title elementor-cta__content-item elementor-content-item\">\n\t\t\t\t\t\tStarte jetzt deine Reise zu mehr Energie\t\t\t\t\t<\/h2>\n\t\t\t\t\n\t\t\t\t\t\t\t\t\t<div class=\"elementor-cta__description elementor-cta__content-item elementor-content-item\">\n\t\t\t\t\t\tF\u00fchle dich vitaler, klarer und st\u00e4rker \u2013 jeden Tag. Mit [Firmenname] holst du das Beste aus deinem Leben heraus. Unsere wissenschaftlich fundierten Produkte unterst\u00fctzen dich auf deinem Weg zu einem ges\u00fcnderen Ich.\t\t\t\t\t<\/div>\n\t\t\t\t\n\t\t\t\t\t\t\t\t\t<div class=\"elementor-cta__button-wrapper elementor-cta__content-item elementor-content-item\">\n\t\t\t\t\t<a class=\"elementor-cta__button elementor-button elementor-size-\" href=\"https:\/\/www.qvantumhealth.com\/de\/\" target=\"_blank\" rel=\"noopener\">\n\t\t\t\t\t\tJetzt entdecken\t\t\t\t\t<\/a>\n\t\t\t\t\t<\/div>\n\t\t\t\t\t\t\t<\/div>\n\t\t\t\t\t\t<\/div>\n\t\t\t\t\t\t<\/div>\n\t\t\t\t<\/div>\n\t\t\t\t\t<\/div>\n\t\t\t\t<\/div>\n\t\t\t\t<\/div>","protected":false},"excerpt":{"rendered":"<p>Qvantum Health Eine Einladung Stell dir vor, du f\u00fchlst dich jeden Tag voller Vitalit\u00e4t, Klarheit und St\u00e4rke \u2013 egal, wie viele Jahre vergangen sind. Bei Qvantum Health\u00ae ist genau das unser Ziel: Wissenschaftlich fundierte Produkte, entwickelt mit h\u00f6chster Pr\u00e4zision, um dir zu einem l\u00e4ngeren, ges\u00fcnderen und erf\u00fcllteren Leben zu verhelfen. Lass dich von [Firmenname] begleiten&hellip;<\/p>","protected":false},"author":232,"featured_media":0,"parent":0,"menu_order":0,"comment_status":"closed","ping_status":"closed","template":"","meta":{"_acf_changed":false,"footnotes":""},"class_list":["post-44966","page","type-page","status-publish","hentry"],"acf":[],"_links":{"self":[{"href":"https:\/\/staging.bodymindandsoulmallorca.com\/en\/wp-json\/wp\/v2\/pages\/44966","targetHints":{"allow":["GET"]}}],"collection":[{"href":"https:\/\/staging.bodymindandsoulmallorca.com\/en\/wp-json\/wp\/v2\/pages"}],"about":[{"href":"https:\/\/staging.bodymindandsoulmallorca.com\/en\/wp-json\/wp\/v2\/types\/page"}],"author":[{"embeddable":true,"href":"https:\/\/staging.bodymindandsoulmallorca.com\/en\/wp-json\/wp\/v2\/users\/232"}],"replies":[{"embeddable":true,"href":"https:\/\/staging.bodymindandsoulmallorca.com\/en\/wp-json\/wp\/v2\/comments?post=44966"}],"version-history":[{"count":8,"href":"https:\/\/staging.bodymindandsoulmallorca.com\/en\/wp-json\/wp\/v2\/pages\/44966\/revisions"}],"predecessor-version":[{"id":45076,"href":"https:\/\/staging.bodymindandsoulmallorca.com\/en\/wp-json\/wp\/v2\/pages\/44966\/revisions\/45076"}],"wp:attachment":[{"href":"https:\/\/staging.bodymindandsoulmallorca.com\/en\/wp-json\/wp\/v2\/media?parent=44966"}],"curies":[{"name":"wp","href":"https:\/\/api.w.org\/{rel}","templated":true}]}}