{"id":44746,"date":"2025-11-23T07:41:24","date_gmt":"2025-11-23T06:41:24","guid":{"rendered":"https:\/\/staging.bodymindandsoulmallorca.com\/?page_id=44746"},"modified":"2025-11-23T07:44:59","modified_gmt":"2025-11-23T06:44:59","slug":"kontakt","status":"publish","type":"page","link":"https:\/\/staging.bodymindandsoulmallorca.com\/en\/kontakt\/","title":{"rendered":"contact"},"content":{"rendered":"<div data-elementor-type=\"wp-page\" data-elementor-id=\"44746\" class=\"elementor elementor-44746\" data-elementor-post-type=\"page\">\n\t\t\t\t<div class=\"elementor-element elementor-element-f539a83 e-flex e-con-boxed e-con e-parent\" data-id=\"f539a83\" data-element_type=\"container\">\n\t\t\t\t\t<div class=\"e-con-inner\">\n\t\t<div class=\"elementor-element elementor-element-7917ebb e-con-full e-flex e-con e-child\" data-id=\"7917ebb\" data-element_type=\"container\" data-settings=\"{&quot;background_background&quot;:&quot;classic&quot;}\">\n\t\t\t\t<\/div>\n\t\t<div class=\"elementor-element elementor-element-5f678da e-con-full e-flex e-con e-child\" data-id=\"5f678da\" data-element_type=\"container\">\n\t\t\t\t<div class=\"elementor-element elementor-element-8ac27f5 elementor-widget elementor-widget-heading\" data-id=\"8ac27f5\" data-element_type=\"widget\" data-widget_type=\"heading.default\">\n\t\t\t\t<div class=\"elementor-widget-container\">\n\t\t\t\t\t<h1 class=\"elementor-heading-title elementor-size-default\">contact <\/h1>\t\t\t\t<\/div>\n\t\t\t\t<\/div>\n\t\t\t\t<div class=\"elementor-element elementor-element-f5fa564 elementor-widget elementor-widget-heading\" data-id=\"f5fa564\" data-element_type=\"widget\" data-widget_type=\"heading.default\">\n\t\t\t\t<div class=\"elementor-widget-container\">\n\t\t\t\t\t<h2 class=\"elementor-heading-title elementor-size-default\">Was k\u00f6nnen wir f\u00fcr Dich tun?<\/h2>\t\t\t\t<\/div>\n\t\t\t\t<\/div>\n\t\t\t\t<div class=\"elementor-element elementor-element-455b367 elementor-widget elementor-widget-text-editor\" data-id=\"455b367\" data-element_type=\"widget\" data-widget_type=\"text-editor.default\">\n\t\t\t\t<div class=\"elementor-widget-container\">\n\t\t\t\t\t\t\t\t\t<p>Du hast Fragen zur Convention, zum Retreat mit Dr. Ruediger Dahlke oder m\u00f6chtest einfach mit uns in Verbindung treten?\u00a0<span style=\"letter-spacing: var(--the7-base-letter-spacing); text-transform: var(--the7-base-text-transform); word-spacing: normal; text-decoration: var(--the7-base-text-decoration);\">Dann schreib uns \u2013 ganz egal, ob du Teilnehmende:r, Mitwirkende:r oder einfach neugierig bist.<\/span><\/p><p data-start=\"354\" data-end=\"430\">Wir freuen uns auf deine Nachricht und antworten dir so schnell wie m\u00f6glich.<\/p>\t\t\t\t\t\t\t\t<\/div>\n\t\t\t\t<\/div>\n\t\t\t\t<div class=\"elementor-element elementor-element-11769d3 elementor-widget__width-inherit elementor-button-align-stretch elementor-widget elementor-widget-form\" data-id=\"11769d3\" data-element_type=\"widget\" data-settings=\"{&quot;step_next_label&quot;:&quot;Next&quot;,&quot;step_previous_label&quot;:&quot;Previous&quot;,&quot;button_width&quot;:&quot;100&quot;,&quot;step_type&quot;:&quot;number_text&quot;,&quot;step_icon_shape&quot;:&quot;circle&quot;}\" data-widget_type=\"form.default\">\n\t\t\t\t<div class=\"elementor-widget-container\">\n\t\t\t\t\t\t\t<form class=\"elementor-form\" method=\"post\" name=\"New Form\" aria-label=\"New Form\" action=\"\">\n\t\t\t<input type=\"hidden\" name=\"post_id\" value=\"44746\"\/>\n\t\t\t<input type=\"hidden\" name=\"form_id\" value=\"11769d3\"\/>\n\t\t\t<input type=\"hidden\" name=\"referer_title\" value=\"Kontakt - Body Mind and Soul Mallorca\" \/>\n\n\t\t\t\t\t\t\t<input type=\"hidden\" name=\"queried_id\" value=\"44746\"\/>\n\t\t\t\n\t\t\t<div class=\"elementor-form-fields-wrapper elementor-labels-\">\n\t\t\t\t\t\t\t\t<div class=\"elementor-field-type-text elementor-field-group elementor-column elementor-field-group-name elementor-col-50 elementor-md-100 elementor-field-required\">\n\t\t\t\t\t\t\t\t\t\t\t\t<label for=\"form-field-name\" class=\"elementor-field-label elementor-screen-only\">\n\t\t\t\t\t\t\t\tName\t\t\t\t\t\t\t<\/label>\n\t\t\t\t\t\t\t\t\t\t\t\t\t\t<input size=\"1\" type=\"text\" name=\"form_fields[name]\" id=\"form-field-name\" class=\"elementor-field elementor-size-md  elementor-field-textual\" placeholder=\"Name\" required=\"required\">\n\t\t\t\t\t\t\t\t\t\t\t<\/div>\n\t\t\t\t\t\t\t\t<div class=\"elementor-field-type-email elementor-field-group elementor-column elementor-field-group-email elementor-col-50 elementor-md-100 elementor-field-required\">\n\t\t\t\t\t\t\t\t\t\t\t\t<label for=\"form-field-email\" class=\"elementor-field-label elementor-screen-only\">\n\t\t\t\t\t\t\t\tE-Mail\t\t\t\t\t\t\t<\/label>\n\t\t\t\t\t\t\t\t\t\t\t\t\t\t<input size=\"1\" type=\"email\" name=\"form_fields[email]\" id=\"form-field-email\" class=\"elementor-field elementor-size-md  elementor-field-textual\" placeholder=\"E-Mail\" required=\"required\">\n\t\t\t\t\t\t\t\t\t\t\t<\/div>\n\t\t\t\t\t\t\t\t<div class=\"elementor-field-type-text elementor-field-group elementor-column elementor-field-group-field_7cae92c elementor-col-100 elementor-field-required\">\n\t\t\t\t\t\t\t\t\t\t\t\t<label for=\"form-field-field_7cae92c\" class=\"elementor-field-label elementor-screen-only\">\n\t\t\t\t\t\t\t\tBetreff\t\t\t\t\t\t\t<\/label>\n\t\t\t\t\t\t\t\t\t\t\t\t\t\t<input size=\"1\" type=\"text\" name=\"form_fields[field_7cae92c]\" id=\"form-field-field_7cae92c\" class=\"elementor-field elementor-size-md  elementor-field-textual\" placeholder=\"Betreff\" required=\"required\">\n\t\t\t\t\t\t\t\t\t\t\t<\/div>\n\t\t\t\t\t\t\t\t<div class=\"elementor-field-type-textarea elementor-field-group elementor-column elementor-field-group-message elementor-col-100\">\n\t\t\t\t\t\t\t\t\t\t\t\t<label for=\"form-field-message\" class=\"elementor-field-label elementor-screen-only\">\n\t\t\t\t\t\t\t\tSagen Sie uns, wie wir Ihnen helfen k\u00f6nnen\t\t\t\t\t\t\t<\/label>\n\t\t\t\t\t\t<textarea class=\"elementor-field-textual elementor-field  elementor-size-md\" name=\"form_fields[message]\" id=\"form-field-message\" rows=\"7\" placeholder=\"Nachricht\"><\/textarea>\t\t\t\t<\/div>\n\t\t\t\t\t\t\t\t<div class=\"elementor-field-type-recaptcha elementor-field-group elementor-column elementor-field-group-field_d5daf1c elementor-col-100\">\n\t\t\t\t\t<div class=\"elementor-field\" id=\"form-field-field_d5daf1c\"><div class=\"elementor-g-recaptcha\" data-sitekey=\"6Lf_TX0rAAAAADKGreXeopnDbQYhu4vPoO6HAzwj\" data-type=\"v2_checkbox\" data-theme=\"light\" data-size=\"normal\"><\/div><\/div>\t\t\t\t<\/div>\n\t\t\t\t\t\t\t\t<div class=\"elementor-field-group elementor-column elementor-field-type-submit elementor-col-100 e-form__buttons\">\n\t\t\t\t\t<button class=\"elementor-button elementor-size-lg\" type=\"submit\">\n\t\t\t\t\t\t<span class=\"elementor-button-content-wrapper\">\n\t\t\t\t\t\t\t\t\t\t\t\t\t\t\t\t\t\t\t\t\t\t<span class=\"elementor-button-text\">Anfrage senden<\/span>\n\t\t\t\t\t\t\t\t\t\t\t\t\t<\/span>\n\t\t\t\t\t<\/button>\n\t\t\t\t<\/div>\n\t\t\t<\/div>\n\t\t<input type=\"hidden\" name=\"trp-form-language\" value=\"en\"\/><\/form>\n\t\t\t\t\t\t<\/div>\n\t\t\t\t<\/div>\n\t\t\t\t<\/div>\n\t\t\t\t\t<\/div>\n\t\t\t\t<\/div>\n\t\t\t\t<\/div>","protected":false},"excerpt":{"rendered":"<p>Kontakt Was k\u00f6nnen wir f\u00fcr Dich tun? Du hast Fragen zur Convention, zum Retreat mit Dr. Ruediger Dahlke oder m\u00f6chtest einfach mit uns in Verbindung treten?\u00a0Dann schreib uns \u2013 ganz egal, ob du Teilnehmende:r, Mitwirkende:r oder einfach neugierig bist. Wir freuen uns auf deine Nachricht und antworten dir so schnell wie m\u00f6glich.<\/p>","protected":false},"author":232,"featured_media":0,"parent":0,"menu_order":0,"comment_status":"closed","ping_status":"closed","template":"","meta":{"_acf_changed":false,"footnotes":""},"class_list":["post-44746","page","type-page","status-publish","hentry"],"acf":[],"_links":{"self":[{"href":"https:\/\/staging.bodymindandsoulmallorca.com\/en\/wp-json\/wp\/v2\/pages\/44746","targetHints":{"allow":["GET"]}}],"collection":[{"href":"https:\/\/staging.bodymindandsoulmallorca.com\/en\/wp-json\/wp\/v2\/pages"}],"about":[{"href":"https:\/\/staging.bodymindandsoulmallorca.com\/en\/wp-json\/wp\/v2\/types\/page"}],"author":[{"embeddable":true,"href":"https:\/\/staging.bodymindandsoulmallorca.com\/en\/wp-json\/wp\/v2\/users\/232"}],"replies":[{"embeddable":true,"href":"https:\/\/staging.bodymindandsoulmallorca.com\/en\/wp-json\/wp\/v2\/comments?post=44746"}],"version-history":[{"count":4,"href":"https:\/\/staging.bodymindandsoulmallorca.com\/en\/wp-json\/wp\/v2\/pages\/44746\/revisions"}],"predecessor-version":[{"id":44751,"href":"https:\/\/staging.bodymindandsoulmallorca.com\/en\/wp-json\/wp\/v2\/pages\/44746\/revisions\/44751"}],"wp:attachment":[{"href":"https:\/\/staging.bodymindandsoulmallorca.com\/en\/wp-json\/wp\/v2\/media?parent=44746"}],"curies":[{"name":"wp","href":"https:\/\/api.w.org\/{rel}","templated":true}]}}